{"id":962,"date":"2024-04-19T07:42:40","date_gmt":"2024-04-19T11:42:40","guid":{"rendered":"https:\/\/defierlintimidation.com\/sinscrire\/"},"modified":"2024-04-25T08:53:39","modified_gmt":"2024-04-25T12:53:39","slug":"rekisteroidy","status":"publish","type":"page","link":"https:\/\/defierlintimidation.com\/fi\/rekisteroidy\/","title":{"rendered":"Rekister\u00f6idy"},"content":{"rendered":"\n<p><\/p>\n\n\n\n<div class=\"wp-block-uagb-container uagb-block-935d75de alignfull uagb-is-root-container\"><div class=\"uagb-container-inner-blocks-wrap\">\n<div class=\"wp-block-uagb-register wp-block-spectra-pro-register uagb-block-cba1b9d2\"><form action=\"#\" class=\"spectra-pro-register-form\" method=\"post\" name=\"spectra-pro-register-form-cba1b9d2\" id=\"spectra-pro-register-form-cba1b9d2\"><input type=\"hidden\" name=\"_nonce\" value=\"b59a39166c\"\/>\n<div class=\"wp-block-uagb-advanced-heading uagb-block-315745d1\"><h2 class=\"uagb-heading-text\">Rekister\u00f6idy<\/h2><\/div>\n\n\n\n<div class=\"wp-block-uagb-register-username spectra-pro-register-form__username uagb-block-745eac66\"><label for=\"spectra-pro-register-form__username-input-745eac66\" class=\"spectra-pro-register-form__username-label required\" id=\"745eac66\">k\u00e4ytt\u00e4j\u00e4tunnus<\/label><input id=\"spectra-pro-register-form__username-input-745eac66\" type=\"text\" placeholder=\"k\u00e4ytt\u00e4j\u00e4tunnus\" required class=\"spectra-pro-register-form__username-input\" name=\"username\"\/><\/div>\n\n\n\n<div class=\"wp-block-uagb-register-email spectra-pro-register-form__email uagb-block-540c8111\"><label for=\"spectra-pro-register-form__email-input-540c8111\" class=\"spectra-pro-register-form__email-label required\" id=\"540c8111\">S\u00e4hk\u00f6posti<\/label><input id=\"spectra-pro-register-form__email-input-540c8111\" type=\"email\" class=\"spectra-pro-register-form__email-input\" placeholder=\"S\u00e4hk\u00f6posti\" required name=\"email\"\/><\/div>\n\n\n\n<div class=\"wp-block-uagb-register-password spectra-pro-register-form__password uagb-block-b41ed02c\"><label for=\"spectra-pro-register-form__password-input-b41ed02c\" class=\"spectra-pro-register-form__password-label required\" id=\"b41ed02c\">Salasana<\/label><input id=\"spectra-pro-register-form__password-input-b41ed02c\" type=\"password\" class=\"spectra-pro-register-form__password-input\" placeholder=\"Salasana\" required name=\"password\"\/><\/div>\n<div class=\"wp-block-button\"><button class=\"spectra-pro-register-form__submit wp-block-button__link\" type=\"submit\"><span class=\"label-wrap\">Rekister\u00f6idy<\/span><\/button><\/div><\/form><div class=\"spectra-pro-register-form-status\"><\/div><div class=\"spectra-pro-register-form__footer\"><p class=\"spectra-pro-register-login-info\"> Onko sinulla jo tili? <a rel=\"noopener\" href=\"https:\/\/defierlintimidation.com\/fi\/kirjaudu-sisaan\/\" class=\"spectra-pro-register-form-link\"> Kirjaudu sis\u00e4\u00e4n <\/a><\/p><\/div><\/div>\n<\/div><\/div>\n","protected":false},"excerpt":{"rendered":"","protected":false},"author":2,"featured_media":0,"parent":0,"menu_order":0,"comment_status":"closed","ping_status":"closed","template":"wp-custom-template-sans-titre","meta":{"_acf_changed":false,"_uag_custom_page_level_css":"","_swt_meta_header_display":false,"_swt_meta_footer_display":false,"_swt_meta_site_title_display":false,"_swt_meta_sticky_header":false,"_swt_meta_transparent_header":false,"footnotes":""},"class_list":["post-962","page","type-page","status-publish","hentry"],"acf":[],"uagb_featured_image_src":{"full":false,"thumbnail":false,"medium":false,"medium_large":false,"large":false,"1536x1536":false,"2048x2048":false},"uagb_author_info":{"display_name":"Fabrice Beaucourt","author_link":"https:\/\/defierlintimidation.com\/fi\/author\/lfdb\/"},"uagb_comment_info":0,"uagb_excerpt":null,"_links":{"self":[{"href":"https:\/\/defierlintimidation.com\/fi\/wp-json\/wp\/v2\/pages\/962","targetHints":{"allow":["GET"]}}],"collection":[{"href":"https:\/\/defierlintimidation.com\/fi\/wp-json\/wp\/v2\/pages"}],"about":[{"href":"https:\/\/defierlintimidation.com\/fi\/wp-json\/wp\/v2\/types\/page"}],"author":[{"embeddable":true,"href":"https:\/\/defierlintimidation.com\/fi\/wp-json\/wp\/v2\/users\/2"}],"replies":[{"embeddable":true,"href":"https:\/\/defierlintimidation.com\/fi\/wp-json\/wp\/v2\/comments?post=962"}],"version-history":[{"count":4,"href":"https:\/\/defierlintimidation.com\/fi\/wp-json\/wp\/v2\/pages\/962\/revisions"}],"predecessor-version":[{"id":1206,"href":"https:\/\/defierlintimidation.com\/fi\/wp-json\/wp\/v2\/pages\/962\/revisions\/1206"}],"wp:attachment":[{"href":"https:\/\/defierlintimidation.com\/fi\/wp-json\/wp\/v2\/media?parent=962"}],"curies":[{"name":"wp","href":"https:\/\/api.w.org\/{rel}","templated":true}]}}