{"id":956,"date":"2024-04-19T07:37:02","date_gmt":"2024-04-19T11:37:02","guid":{"rendered":"https:\/\/defierlintimidation.com\/connexion\/"},"modified":"2024-04-24T07:04:48","modified_gmt":"2024-04-24T11:04:48","slug":"kirjaudu-sisaan","status":"publish","type":"page","link":"https:\/\/defierlintimidation.com\/fi\/kirjaudu-sisaan\/","title":{"rendered":"Kirjaudu sis\u00e4\u00e4n"},"content":{"rendered":"\n<div class=\"wp-block-uagb-container uagb-block-53994e6f alignfull uagb-is-root-container\"><div class=\"uagb-container-inner-blocks-wrap\">\n<p class=\"has-primary-color has-text-color has-background has-link-color wp-elements-8377946f246a87d90a668f5c0e8914fe\" style=\"background-color:#e6f1fa\">Jotta p\u00e4\u00e4set katsomaan videoita, sinun on luotava tili sivustollemme. Rekister\u00f6ityminen on ilmaista ja vaatii vain s\u00e4hk\u00f6postin ja salasanan.<\/p>\n\n\n\t\t\t<div class=\"uagb-block-632b63a7 wp-block-spectra-pro-login    \" style=\"\">\n\t\t\t\t\n\n<div class=\"wp-block-uagb-advanced-heading uagb-block-f135e209\"><h2 class=\"uagb-heading-text\">Kirjaudu sis\u00e4\u00e4n<\/h2><\/div>\n\n\n\t\t\t\t\t\n\t\t\t\t\t<form id=\"spectra-pro-login-form-632b63a7\" action=\"#\" method=\"post\" class=\"spectra-pro-login-form\">\n\t\t\t\t\t\t<input type=\"hidden\" id=\"_nonce\" name=\"_nonce\" value=\"193b8d329d\" \/><input type=\"hidden\" name=\"_wp_http_referer\" value=\"\/fi\/wp-json\/wp\/v2\/pages\/956\" \/>\n\t\t\t\t\t\t<div class=\"spectra-pro-login-form__user-login\">\n\t\t\t\t\t\t\t\t\t\t\t\t\t\t<label for=\"username-632b63a7\">K\u00e4ytt\u00e4j\u00e4nimi tai S\u00e4hk\u00f6postiosoite<\/label>\n\t\t\t\t\t\t\t\n\t\t\t\t\t\t\t<div class='spectra-pro-login-form-username-wrap spectra-pro-login-form-username-wrap--have-icon'>\n\t\t\t\t\t\t\t\t\t\t\t\t<svg xmlns=\"https:\/\/www.w3.org\/2000\/svg\" viewBox= \"0 0 448 512\"><path d=\"M224 256c70.7 0 128-57.31 128-128s-57.3-128-128-128C153.3 0 96 57.31 96 128S153.3 256 224 256zM274.7 304H173.3C77.61 304 0 381.6 0 477.3c0 19.14 15.52 34.67 34.66 34.67h378.7C432.5 512 448 496.5 448 477.3C448 381.6 370.4 304 274.7 304z\"><\/path><\/svg>\n\t\t\t\t\t\t\t\t\t\t\t\t<input id=\"username-632b63a7\" type=\"text\" name=\"username\" placeholder=\"K\u00e4ytt\u00e4j\u00e4nimi tai S\u00e4hk\u00f6postiosoite\" \/>\n\t\t\t\t\t\t\t<\/div>\n\t\t\t\t\t\t<\/div>\n\t\t\t\t\t\t<div class=\"spectra-pro-login-form__user-pass\">\n\t\t\t\t\t\t\t\t\t\t\t\t\t\t\t<label for=\"password-632b63a7\">Salasana<\/label>\n\t\t\t\t\t\t\t\t\t\t\t\t\t\t\t\t<div class='spectra-pro-login-form-pass-wrap spectra-pro-login-form-pass-wrap--have-icon'>\n\t\t\t\t\t\t\t\t\t\t\t\t<svg xmlns=\"https:\/\/www.w3.org\/2000\/svg\" viewBox= \"0 0 448 512\"><path d=\"M80 192V144C80 64.47 144.5 0 224 0C303.5 0 368 64.47 368 144V192H384C419.3 192 448 220.7 448 256V448C448 483.3 419.3 512 384 512H64C28.65 512 0 483.3 0 448V256C0 220.7 28.65 192 64 192H80zM144 192H304V144C304 99.82 268.2 64 224 64C179.8 64 144 99.82 144 144V192z\"><\/path><\/svg>\n\t\t\t\t\t\t\t\t\t\t\t\t<input id=\"password-632b63a7\" type=\"password\" name=\"password\" placeholder=\"Salasana\" \/>\n\t\t\t\t\t\t\t\t<button id=\"password-visibility-632b63a7\" type='button' aria-label=\"Show Password\" ><span class=\"dashicons dashicons-visibility\"><\/span><\/button>\n\t\t\t\t\t\t\t<\/div>\n\t\t\t\t\t\t<\/div>\n\t\t\t\t\t\t<div class=\"spectra-pro-login-form__forgetmenot\">\n\t\t\t\t\t\t\t<div class=\"spectra-pro-login-form-rememberme\">\n\t\t\t\t\t\t\t\t<label for=\"rememberme-632b63a7\">\n\t\t\t\t\t\t\t\t\t<input name=\"rememberme\" type=\"checkbox\" id=\"rememberme-632b63a7\" \/>\n\t\t\t\t\t\t\t\t\t<span class=\"spectra-pro-login-form-rememberme__checkmark\"><\/span>\n\t\t\t\t\t\t\t\t\t\t\t\t\t\t\t\t\t\t\t\t<div class=\"spectra-pro-login-form-rememberme__checkmark-label\">\n\t\t\t\t\t\t\t\t\t\t\t\tMuista minut\t\t\t\t\t\t\t\t\t\t\t<\/div>\n\t\t\t\t\t\t\t\t\t\t\t\t\t\t\t\t\t\t<\/label>\n\t\t\t\t\t\t\t<\/div>\n\t\t\t\t\t\t\t\t\t\t\t\t\t\t\t<div class=\"spectra-pro-login-form-forgot-password\">\n\t\t\t\t\t\t\t\t<a>\n\t\t\t\t\t\t\t\t\tUnohtuiko salasana\t\t\t\t\t\t\t\t<\/a>\n\t\t\t\t\t\t\t<\/div>\n\t\t\t\t\t\t\t\t\t\t\t\t\t<\/div>\n\t\t\t\t\t\t\t\t\t\t\t\t<div class=\"spectra-pro-login-form__submit wp-block-button\">\n\t\t\t\t\t\t\t<button class=\"spectra-pro-login-form-submit-button wp-block-button__link\" type=\"submit\">\n\t\t\t\t\t\t\t\t\t\t\t\t\t\t\t\t<span className='label-wrap'>\n\t\t\t\t\t\t\t\t\tKirjaudu sis\u00e4\u00e4n\t\t\t\t\t\t\t\t<\/span>\n\t\t\t\t\t\t\t\t\t\t\t\t\t\t\t<\/button>\n\t\t\t\t\t\t<\/div>\n\t\t\t\t\t<\/form>\n\t\t\t\t\t\t\n\t\t\t\t\t<div id=\"spectra-pro-login-form-status-632b63a7\" class=\"spectra-pro-login-form-status\"><\/div>\n\n\t\t\t\t\t\t\t\t\t\t\t\t\t<\/div>\n\t\t\n\n\n<div class=\"wp-block-group has-background has-global-padding is-layout-constrained wp-container-core-group-is-layout-1 wp-block-group-is-layout-constrained\" style=\"background-color:#e6f1fa;margin-top:20px;margin-bottom:20px;padding-top:20px;padding-right:20px;padding-bottom:20px;padding-left:20px\">\n<p class=\"has-text-align-center has-primary-color has-text-color has-link-color wp-elements-2772bf9769430a9b6fad081a6e43c3bf\">Ei viel\u00e4 rekister\u00f6itynyt ?<\/p>\n\n\n\n<div class=\"wp-block-buttons is-content-justification-center is-layout-flex wp-container-core-buttons-is-layout-1 wp-block-buttons-is-layout-flex\">\n<div class=\"wp-block-button\"><a class=\"wp-block-button__link wp-element-button\" href=\"https:\/\/defierlintimidation.com\/fi\/rekisteroidy\/\">luo tilisi<\/a><\/div>\n<\/div>\n<\/div>\n<\/div><\/div>\n","protected":false},"excerpt":{"rendered":"<p>Jotta p\u00e4\u00e4set katsomaan videoita, sinun on luotava tili sivustollemme. Rekister\u00f6ityminen on ilmaista ja vaatii vain s\u00e4hk\u00f6postin ja salasanan. Ei viel\u00e4 rekister\u00f6itynyt ?<\/p>\n","protected":false},"author":2,"featured_media":0,"parent":0,"menu_order":0,"comment_status":"closed","ping_status":"closed","template":"wp-custom-template-sans-titre","meta":{"_acf_changed":false,"_uag_custom_page_level_css":"","_swt_meta_header_display":false,"_swt_meta_footer_display":false,"_swt_meta_site_title_display":false,"_swt_meta_sticky_header":false,"_swt_meta_transparent_header":false,"footnotes":""},"class_list":["post-956","page","type-page","status-publish","hentry"],"acf":[],"uagb_featured_image_src":{"full":false,"thumbnail":false,"medium":false,"medium_large":false,"large":false,"1536x1536":false,"2048x2048":false},"uagb_author_info":{"display_name":"Fabrice Beaucourt","author_link":"https:\/\/defierlintimidation.com\/fi\/author\/lfdb\/"},"uagb_comment_info":0,"uagb_excerpt":"Jotta p\u00e4\u00e4set katsomaan videoita, sinun on luotava tili sivustollemme. Rekister\u00f6ityminen on ilmaista ja vaatii vain s\u00e4hk\u00f6postin ja salasanan. Ei viel\u00e4 rekister\u00f6itynyt ?","_links":{"self":[{"href":"https:\/\/defierlintimidation.com\/fi\/wp-json\/wp\/v2\/pages\/956","targetHints":{"allow":["GET"]}}],"collection":[{"href":"https:\/\/defierlintimidation.com\/fi\/wp-json\/wp\/v2\/pages"}],"about":[{"href":"https:\/\/defierlintimidation.com\/fi\/wp-json\/wp\/v2\/types\/page"}],"author":[{"embeddable":true,"href":"https:\/\/defierlintimidation.com\/fi\/wp-json\/wp\/v2\/users\/2"}],"replies":[{"embeddable":true,"href":"https:\/\/defierlintimidation.com\/fi\/wp-json\/wp\/v2\/comments?post=956"}],"version-history":[{"count":6,"href":"https:\/\/defierlintimidation.com\/fi\/wp-json\/wp\/v2\/pages\/956\/revisions"}],"predecessor-version":[{"id":1001,"href":"https:\/\/defierlintimidation.com\/fi\/wp-json\/wp\/v2\/pages\/956\/revisions\/1001"}],"wp:attachment":[{"href":"https:\/\/defierlintimidation.com\/fi\/wp-json\/wp\/v2\/media?parent=956"}],"curies":[{"name":"wp","href":"https:\/\/api.w.org\/{rel}","templated":true}]}}