{"id":958,"date":"2024-04-19T07:37:02","date_gmt":"2024-04-19T11:37:02","guid":{"rendered":"https:\/\/defierlintimidation.com\/connexion\/"},"modified":"2024-04-24T06:58:42","modified_gmt":"2024-04-24T10:58:42","slug":"acceso","status":"publish","type":"page","link":"https:\/\/defierlintimidation.com\/es\/acceso\/","title":{"rendered":"Acceso"},"content":{"rendered":"\n<div class=\"wp-block-uagb-container uagb-block-53994e6f alignfull uagb-is-root-container\"><div class=\"uagb-container-inner-blocks-wrap\">\n<p class=\"has-primary-color has-text-color has-background has-link-color wp-elements-af6bdec4ae24bc1668193452c3cd0f79\" style=\"background-color:#e6f1fa\">Para poder acceder a v\u00eddeos, debes crear una cuenta en nuestro sitio. La inscripci\u00f3n es gratuita y no es necesaria ning\u00fan correo ni contrase\u00f1a.<\/p>\n\n\n\t\t\t<div class=\"uagb-block-632b63a7 wp-block-spectra-pro-login    \" style=\"\">\n\t\t\t\t\n\n<div class=\"wp-block-uagb-advanced-heading uagb-block-f135e209\"><h2 class=\"uagb-heading-text\">Acceso<\/h2><\/div>\n\n\n\t\t\t\t\t\n\t\t\t\t\t<form id=\"spectra-pro-login-form-632b63a7\" action=\"#\" method=\"post\" class=\"spectra-pro-login-form\">\n\t\t\t\t\t\t<input type=\"hidden\" id=\"_nonce\" name=\"_nonce\" value=\"193b8d329d\" \/><input type=\"hidden\" name=\"_wp_http_referer\" value=\"\/es\/wp-json\/wp\/v2\/pages\/958\" \/>\n\t\t\t\t\t\t<div class=\"spectra-pro-login-form__user-login\">\n\t\t\t\t\t\t\t\t\t\t\t\t\t\t<label for=\"username-632b63a7\">Identificador o correo<\/label>\n\t\t\t\t\t\t\t\n\t\t\t\t\t\t\t<div class='spectra-pro-login-form-username-wrap spectra-pro-login-form-username-wrap--have-icon'>\n\t\t\t\t\t\t\t\t\t\t\t\t<svg xmlns=\"https:\/\/www.w3.org\/2000\/svg\" viewBox= \"0 0 448 512\"><path d=\"M224 256c70.7 0 128-57.31 128-128s-57.3-128-128-128C153.3 0 96 57.31 96 128S153.3 256 224 256zM274.7 304H173.3C77.61 304 0 381.6 0 477.3c0 19.14 15.52 34.67 34.66 34.67h378.7C432.5 512 448 496.5 448 477.3C448 381.6 370.4 304 274.7 304z\"><\/path><\/svg>\n\t\t\t\t\t\t\t\t\t\t\t\t<input id=\"username-632b63a7\" type=\"text\" name=\"username\" placeholder=\"Identificador o correo\" \/>\n\t\t\t\t\t\t\t<\/div>\n\t\t\t\t\t\t<\/div>\n\t\t\t\t\t\t<div class=\"spectra-pro-login-form__user-pass\">\n\t\t\t\t\t\t\t\t\t\t\t\t\t\t\t<label for=\"password-632b63a7\">palabra de paso<\/label>\n\t\t\t\t\t\t\t\t\t\t\t\t\t\t\t\t<div class='spectra-pro-login-form-pass-wrap spectra-pro-login-form-pass-wrap--have-icon'>\n\t\t\t\t\t\t\t\t\t\t\t\t<svg xmlns=\"https:\/\/www.w3.org\/2000\/svg\" viewBox= \"0 0 448 512\"><path d=\"M80 192V144C80 64.47 144.5 0 224 0C303.5 0 368 64.47 368 144V192H384C419.3 192 448 220.7 448 256V448C448 483.3 419.3 512 384 512H64C28.65 512 0 483.3 0 448V256C0 220.7 28.65 192 64 192H80zM144 192H304V144C304 99.82 268.2 64 224 64C179.8 64 144 99.82 144 144V192z\"><\/path><\/svg>\n\t\t\t\t\t\t\t\t\t\t\t\t<input id=\"password-632b63a7\" type=\"password\" name=\"password\" placeholder=\"palabra de paso\" \/>\n\t\t\t\t\t\t\t\t<button id=\"password-visibility-632b63a7\" type='button' aria-label=\"Show Password\" ><span class=\"dashicons dashicons-visibility\"><\/span><\/button>\n\t\t\t\t\t\t\t<\/div>\n\t\t\t\t\t\t<\/div>\n\t\t\t\t\t\t<div class=\"spectra-pro-login-form__forgetmenot\">\n\t\t\t\t\t\t\t<div class=\"spectra-pro-login-form-rememberme\">\n\t\t\t\t\t\t\t\t<label for=\"rememberme-632b63a7\">\n\t\t\t\t\t\t\t\t\t<input name=\"rememberme\" type=\"checkbox\" id=\"rememberme-632b63a7\" \/>\n\t\t\t\t\t\t\t\t\t<span class=\"spectra-pro-login-form-rememberme__checkmark\"><\/span>\n\t\t\t\t\t\t\t\t\t\t\t\t\t\t\t\t\t\t\t\t<div class=\"spectra-pro-login-form-rememberme__checkmark-label\">\n\t\t\t\t\t\t\t\t\t\t\t\tAcu\u00e9rdate de m\u00ed\t\t\t\t\t\t\t\t\t\t\t<\/div>\n\t\t\t\t\t\t\t\t\t\t\t\t\t\t\t\t\t\t<\/label>\n\t\t\t\t\t\t\t<\/div>\n\t\t\t\t\t\t\t\t\t\t\t\t\t\t\t<div class=\"spectra-pro-login-form-forgot-password\">\n\t\t\t\t\t\t\t\t<a>\n\t\t\t\t\t\t\t\t\tcontrase\u00f1a olvidada\t\t\t\t\t\t\t\t<\/a>\n\t\t\t\t\t\t\t<\/div>\n\t\t\t\t\t\t\t\t\t\t\t\t\t<\/div>\n\t\t\t\t\t\t\t\t\t\t\t\t<div class=\"spectra-pro-login-form__submit wp-block-button\">\n\t\t\t\t\t\t\t<button class=\"spectra-pro-login-form-submit-button wp-block-button__link\" type=\"submit\">\n\t\t\t\t\t\t\t\t\t\t\t\t\t\t\t\t<span className='label-wrap'>\n\t\t\t\t\t\t\t\t\tLogin\t\t\t\t\t\t\t\t<\/span>\n\t\t\t\t\t\t\t\t\t\t\t\t\t\t\t<\/button>\n\t\t\t\t\t\t<\/div>\n\t\t\t\t\t<\/form>\n\t\t\t\t\t\t\n\t\t\t\t\t<div id=\"spectra-pro-login-form-status-632b63a7\" class=\"spectra-pro-login-form-status\"><\/div>\n\n\t\t\t\t\t\t\t\t\t\t\t\t\t<\/div>\n\t\t\n\n\n<div class=\"wp-block-group has-background has-global-padding is-layout-constrained wp-container-core-group-is-layout-1 wp-block-group-is-layout-constrained\" style=\"background-color:#e6f1fa;margin-top:20px;margin-bottom:20px;padding-top:20px;padding-right:20px;padding-bottom:20px;padding-left:20px\">\n<p class=\"has-text-align-center has-primary-color has-text-color has-link-color wp-elements-ea7bece4368c12716b5b2f5156f36977\">a\u00fan no registrado ?<\/p>\n\n\n\n<div class=\"wp-block-buttons is-content-justification-center is-layout-flex wp-container-core-buttons-is-layout-1 wp-block-buttons-is-layout-flex\">\n<div class=\"wp-block-button\"><a class=\"wp-block-button__link wp-element-button\" href=\"https:\/\/defierlintimidation.com\/es\/registro\/\">Registro<\/a><\/div>\n<\/div>\n<\/div>\n<\/div><\/div>\n","protected":false},"excerpt":{"rendered":"<p>Para poder acceder a v\u00eddeos, debes crear una cuenta en nuestro sitio. La inscripci\u00f3n es gratuita y no es necesaria ning\u00fan correo ni contrase\u00f1a. a\u00fan no registrado ?<\/p>\n","protected":false},"author":2,"featured_media":0,"parent":0,"menu_order":0,"comment_status":"closed","ping_status":"closed","template":"wp-custom-template-sans-titre","meta":{"_acf_changed":false,"_uag_custom_page_level_css":"","_swt_meta_header_display":false,"_swt_meta_footer_display":false,"_swt_meta_site_title_display":false,"_swt_meta_sticky_header":false,"_swt_meta_transparent_header":false,"footnotes":""},"class_list":["post-958","page","type-page","status-publish","hentry"],"acf":[],"uagb_featured_image_src":{"full":false,"thumbnail":false,"medium":false,"medium_large":false,"large":false,"1536x1536":false,"2048x2048":false},"uagb_author_info":{"display_name":"Fabrice Beaucourt","author_link":"https:\/\/defierlintimidation.com\/es\/author\/lfdb\/"},"uagb_comment_info":0,"uagb_excerpt":"Para poder acceder a v\u00eddeos, debes crear una cuenta en nuestro sitio. La inscripci\u00f3n es gratuita y no es necesaria ning\u00fan correo ni contrase\u00f1a. a\u00fan no registrado ?","_links":{"self":[{"href":"https:\/\/defierlintimidation.com\/es\/wp-json\/wp\/v2\/pages\/958","targetHints":{"allow":["GET"]}}],"collection":[{"href":"https:\/\/defierlintimidation.com\/es\/wp-json\/wp\/v2\/pages"}],"about":[{"href":"https:\/\/defierlintimidation.com\/es\/wp-json\/wp\/v2\/types\/page"}],"author":[{"embeddable":true,"href":"https:\/\/defierlintimidation.com\/es\/wp-json\/wp\/v2\/users\/2"}],"replies":[{"embeddable":true,"href":"https:\/\/defierlintimidation.com\/es\/wp-json\/wp\/v2\/comments?post=958"}],"version-history":[{"count":4,"href":"https:\/\/defierlintimidation.com\/es\/wp-json\/wp\/v2\/pages\/958\/revisions"}],"predecessor-version":[{"id":989,"href":"https:\/\/defierlintimidation.com\/es\/wp-json\/wp\/v2\/pages\/958\/revisions\/989"}],"wp:attachment":[{"href":"https:\/\/defierlintimidation.com\/es\/wp-json\/wp\/v2\/media?parent=958"}],"curies":[{"name":"wp","href":"https:\/\/api.w.org\/{rel}","templated":true}]}}